{"id":29,"date":"2016-03-13T00:13:14","date_gmt":"2016-03-12T23:13:14","guid":{"rendered":"http:\/\/dipaolas-gangelbrunnen.de\/?page_id=29"},"modified":"2019-02-13T22:34:39","modified_gmt":"2019-02-13T21:34:39","slug":"home","status":"publish","type":"page","link":"http:\/\/dipaolas-gangelbrunnen.de\/wordpress\/","title":{"rendered":"Willkommen"},"content":{"rendered":"\n<p><\/p>\n\n\n<p><img loading=\"lazy\" class=\"alignnone size-large wp-image-157\" src=\"http:\/\/dipaolas-gangelbrunnen.de\/wp-content\/uploads\/2016\/04\/Antonio-Cappucino-1024x683.jpg\" alt=\"Antonio-Cappucino\" width=\"955\" height=\"637\" srcset=\"http:\/\/dipaolas-gangelbrunnen.de\/wp-content\/uploads\/2016\/04\/Antonio-Cappucino-1024x683.jpg 1024w, http:\/\/dipaolas-gangelbrunnen.de\/wp-content\/uploads\/2016\/04\/Antonio-Cappucino-300x200.jpg 300w, http:\/\/dipaolas-gangelbrunnen.de\/wp-content\/uploads\/2016\/04\/Antonio-Cappucino-768x512.jpg 768w, http:\/\/dipaolas-gangelbrunnen.de\/wp-content\/uploads\/2016\/04\/Antonio-Cappucino.jpg 1600w\" sizes=\"(max-width: 955px) 100vw, 955px\" \/><\/p>\n<p><strong>Herzlich willkommen auf der Webseite von &#8220;Di Paola&#8217;s Zum Gangelbrunnen&#8221;!<\/strong><\/p>\n<p>Wir w\u00fcnschen Ihnen in unserem unverwechselbaren Ambiente am wundersch\u00f6nen Ommersheimer Weiher bei original italienischer K\u00fcche und Spezialit\u00e4ten, einen gem\u00fctlichen Aufenthalt und einen<br>\n<\/p><h3 style=\"text-align: center;\"><span style=\"color: #333399;\">&#8220;Buon appetito!&#8221;<\/span><\/h3>\n<p>&nbsp;<\/p>","protected":false},"excerpt":{"rendered":"<p>Herzlich willkommen auf der Webseite von &#8220;Di Paola&#8217;s Zum Gangelbrunnen&#8221;! Wir w\u00fcnschen Ihnen in unserem unverwechselbaren Ambiente am wundersch\u00f6nen Ommersheimer Weiher bei original italienischer K\u00fcche und Spezialit\u00e4ten, einen gem\u00fctlichen Aufenthalt und einen &#8220;Buon appetito!&#8221; &nbsp;<\/p>\n","protected":false},"author":1,"featured_media":0,"parent":0,"menu_order":0,"comment_status":"closed","ping_status":"closed","template":"","meta":[],"_links":{"self":[{"href":"http:\/\/dipaolas-gangelbrunnen.de\/wordpress\/wp-json\/wp\/v2\/pages\/29"}],"collection":[{"href":"http:\/\/dipaolas-gangelbrunnen.de\/wordpress\/wp-json\/wp\/v2\/pages"}],"about":[{"href":"http:\/\/dipaolas-gangelbrunnen.de\/wordpress\/wp-json\/wp\/v2\/types\/page"}],"author":[{"embeddable":true,"href":"http:\/\/dipaolas-gangelbrunnen.de\/wordpress\/wp-json\/wp\/v2\/users\/1"}],"replies":[{"embeddable":true,"href":"http:\/\/dipaolas-gangelbrunnen.de\/wordpress\/wp-json\/wp\/v2\/comments?post=29"}],"version-history":[{"count":3,"href":"http:\/\/dipaolas-gangelbrunnen.de\/wordpress\/wp-json\/wp\/v2\/pages\/29\/revisions"}],"predecessor-version":[{"id":430,"href":"http:\/\/dipaolas-gangelbrunnen.de\/wordpress\/wp-json\/wp\/v2\/pages\/29\/revisions\/430"}],"wp:attachment":[{"href":"http:\/\/dipaolas-gangelbrunnen.de\/wordpress\/wp-json\/wp\/v2\/media?parent=29"}],"curies":[{"name":"wp","href":"https:\/\/api.w.org\/{rel}","templated":true}]}}