{"id":34,"date":"2016-03-13T00:17:29","date_gmt":"2016-03-12T23:17:29","guid":{"rendered":"http:\/\/dipaolas-gangelbrunnen.de\/?page_id=34"},"modified":"2019-02-13T22:26:44","modified_gmt":"2019-02-13T21:26:44","slug":"innen-aussen","status":"publish","type":"page","link":"http:\/\/dipaolas-gangelbrunnen.de\/wordpress\/innen-aussen\/","title":{"rendered":"Specials"},"content":{"rendered":"<div>         <\/div><style type=\"text\/css\" scoped>.rbs_gallery_69ea05bbca600Spinner{\r\n\t\t\t\tmargin: 50px auto;\r\n\t\t\t\twidth: 50px;\r\n\t\t\t\theight: 40px;\r\n\t\t\t\ttext-align: center;\r\n\t\t\t\tfont-size: 10px;\r\n\t\t\t}\r\n\t\t\t.rbs_gallery_69ea05bbca600Spinner > div{\r\n\t\t\t  background-color: #333;\r\n\t\t\t  height: 100%;\r\n\t\t\t  width: 6px;\r\n\t\t\t  display: inline-block;\r\n\t\t\t  -webkit-animation: rbs_gallery_69ea05bbca600-stretchdelay 1.2s infinite ease-in-out;\r\n\t\t\t  animation: rbs_gallery_69ea05bbca600-stretchdelay 1.2s infinite ease-in-out;\r\n\t\t\t}\r\n\t\t\t.rbs_gallery_69ea05bbca600Spinner .rbs_gallery_69ea05bbca600Rect2 {\r\n\t\t\t  -webkit-animation-delay: -1.1s;\r\n\t\t\t  animation-delay: -1.1s;\r\n\t\t\t}\r\n\t\t\t.rbs_gallery_69ea05bbca600Spinner .rbs_gallery_69ea05bbca600Rect3 {\r\n\t\t\t  -webkit-animation-delay: -1.0s;\r\n\t\t\t  animation-delay: -1.0s;\r\n\t\t\t}\r\n\t\t\t.rbs_gallery_69ea05bbca600Spinner .rbs_gallery_69ea05bbca600Rect4 {\r\n\t\t\t  -webkit-animation-delay: -0.9s;\r\n\t\t\t  animation-delay: -0.9s;\r\n\t\t\t}\r\n\t\t\t.rbs_gallery_69ea05bbca600Spinner .rbs_gallery_69ea05bbca600Rect5 {\r\n\t\t\t  -webkit-animation-delay: -0.8s;\r\n\t\t\t  animation-delay: -0.8s;\r\n\t\t\t}\r\n\t\t\t@-webkit-keyframes rbs_gallery_69ea05bbca600-stretchdelay {\r\n\t\t\t  0%, 40%, 100% { -webkit-transform: scaleY(0.4) }  \r\n\t\t\t  20% { -webkit-transform: scaleY(1.0) }\r\n\t\t\t}\r\n\t\t\t@keyframes rbs_gallery_69ea05bbca600-stretchdelay {\r\n\t\t\t  0%, 40%, 100% { \r\n\t\t\t    transform: scaleY(0.4);\r\n\t\t\t    -webkit-transform: scaleY(0.4);\r\n\t\t\t  }  20% { \r\n\t\t\t    transform: scaleY(1.0);\r\n\t\t\t    -webkit-transform: scaleY(1.0);\r\n\t\t\t  }\r\n\t\t\t}\r\n\t\t<\/style><div class=\"robo-gallery-wrap robo-gallery-wrap-id249 robo-gallery-\"><div id=\"rbs_gallery_69ea05bbca600-block-loader\" class=\"rbs_gallery_69ea05bbca600Spinner\"><div class=\"rbs_gallery_69ea05bbca600Rect1\"><\/div> <div class=\"rbs_gallery_69ea05bbca600Rect2\"><\/div> <div class=\"rbs_gallery_69ea05bbca600Rect3\"><\/div> <div class=\"rbs_gallery_69ea05bbca600Rect4\"><\/div> <div class=\"rbs_gallery_69ea05bbca600Rect5\"><\/div><\/div><div class=\"rbs_gallery_button  rbs_gallery_align_left\" id=\"rbs_gallery_69ea05bbca600filter\" style=\" display: none;\" ><\/div><div id=\"robo_gallery_main_block_rbs_gallery_69ea05bbca600\" class=\"robogallery-gallery-249\" style=\"width:100%;margin:0 auto;padding-left:10px;padding-top:10px;padding-right:10px;padding-bottom:10px;  display: none;\"><div id=\"rbs_gallery_69ea05bbca600\" data-options=\"rbs_gallery_69ea05bbca600\" style=\"width:100%;\" class=\"robo_gallery  \"><div class=\"rbs-img  category249 \" ><div class=\"rbs-img-image   rbs-lightbox \" ><div class=\"rbs-img-thumbs\"  data-thumbnail=\"http:\/\/dipaolas-gangelbrunnen.de\/wp-content\/uploads\/2016\/04\/Sebi-K\u00fcche-Fleisch-300x200.jpg\"  title=\"Sebi-K\u00fcche-Fleisch\"  data-width=\"300\"  data-height=\"200\" ><\/div><div class=\"rbs-img-data-popup\"  data-popup=\"http:\/\/dipaolas-gangelbrunnen.de\/wp-content\/uploads\/2016\/04\/Sebi-K\u00fcche-Fleisch.jpg\"  title=\"Sebi-K\u00fcche-Fleisch\" ><\/div><div class=\"thumbnail-overlay\"><div class=\"rbsTitle \">Sebi-K\u00fcche-Fleisch<\/div><div class=\"rbsIcons\"><i class=\"fa fa-search-plus rbsZoomIcon \" ><\/i><\/div><\/div><\/div><\/div><div class=\"rbs-img  category249 \" ><div class=\"rbs-img-image   rbs-lightbox \" ><div class=\"rbs-img-thumbs\"  data-thumbnail=\"http:\/\/dipaolas-gangelbrunnen.de\/wp-content\/uploads\/2016\/04\/Sebi-Herd-200x300.jpg\"  title=\"Sebi-Herd\"  data-width=\"200\"  data-height=\"300\" ><\/div><div class=\"rbs-img-data-popup\"  data-popup=\"http:\/\/dipaolas-gangelbrunnen.de\/wp-content\/uploads\/2016\/04\/Sebi-Herd.jpg\"  title=\"Sebi-Herd\" ><\/div><div class=\"thumbnail-overlay\"><div class=\"rbsTitle \">Sebi-Herd<\/div><div class=\"rbsIcons\"><i class=\"fa fa-search-plus rbsZoomIcon \" ><\/i><\/div><\/div><\/div><\/div><div class=\"rbs-img  category249 \" ><div class=\"rbs-img-image   rbs-lightbox \" ><div class=\"rbs-img-thumbs\"  data-thumbnail=\"http:\/\/dipaolas-gangelbrunnen.de\/wp-content\/uploads\/2016\/04\/Sebi-Flamme-200x300.jpg\"  title=\"Sebi-Flamme\"  data-width=\"200\"  data-height=\"300\" ><\/div><div class=\"rbs-img-data-popup\"  data-popup=\"http:\/\/dipaolas-gangelbrunnen.de\/wp-content\/uploads\/2016\/04\/Sebi-Flamme.jpg\"  title=\"Sebi-Flamme\" ><\/div><div class=\"thumbnail-overlay\"><div class=\"rbsTitle \">Sebi-Flamme<\/div><div class=\"rbsIcons\"><i class=\"fa fa-search-plus rbsZoomIcon \" ><\/i><\/div><\/div><\/div><\/div><div class=\"rbs-img  category249 \" ><div class=\"rbs-img-image   rbs-lightbox \" ><div class=\"rbs-img-thumbs\"  data-thumbnail=\"http:\/\/dipaolas-gangelbrunnen.de\/wp-content\/uploads\/2016\/04\/Lorenzo-200x300.jpg\"  title=\"Lorenzo\"  data-width=\"200\"  data-height=\"300\" ><\/div><div class=\"rbs-img-data-popup\"  data-popup=\"http:\/\/dipaolas-gangelbrunnen.de\/wp-content\/uploads\/2016\/04\/Lorenzo.jpg\"  title=\"Lorenzo\" ><\/div><div class=\"thumbnail-overlay\"><div class=\"rbsTitle \">Lorenzo<\/div><div class=\"rbsIcons\"><i class=\"fa fa-search-plus rbsZoomIcon \" ><\/i><\/div><\/div><\/div><\/div><\/div><\/div><\/div><script>var rbs_gallery_69ea05bbca600 = {\"version\":\"3.0.5\",\"id\":249,\"class\":\"id249\",\"roboGalleryDelay\":1000,\"mainContainer\":\"#robo_gallery_main_block_rbs_gallery_69ea05bbca600\",\"columnWidth\":\"auto\",\"columns\":3,\"resolutions\":[{\"columnWidth\":\"auto\",\"columns\":3,\"maxWidth\":960},{\"columnWidth\":\"auto\",\"columns\":2,\"maxWidth\":650},{\"columnWidth\":\"auto\",\"columns\":1,\"maxWidth\":450}],\"loadingContainer\":\"#rbs_gallery_69ea05bbca600-block-loader\",\"deepLinking\":null,\"hideTitle\":true,\"lightboxOptions\":{\"gallery\":{\"enabled\":true,\"tCounter\":\"%curr%  of  %total%\"}},\"overlayEffect\":\"direction-aware-fade\",\"boxesToLoadStart\":12,\"boxesToLoad\":8,\"lazyLoad\":1,\"waitUntilThumbLoads\":1,\"waitForAllThumbsNoMatterWhat\":null,\"LoadingWord\":\"Loading...\",\"loadMoreWord\":\"Load More\",\"noMoreEntriesWord\":\"No More Entries\",\"horizontalSpaceBetweenBoxes\":15,\"verticalSpaceBetweenBoxes\":15,\"wrapContainer\":\"#robo-gallery-wrap-rbs_gallery_69ea05bbca600\",\"filterContainer\":\"#rbs_gallery_69ea05bbca600filter\",\"loadMoreClass\":\"button-border-caution \"};<\/script><div>         <\/div>\n\n<h3>Gartenterrasse<\/h3>\n<p>Nicht nur in unseren gem\u00fctlichen Innenr\u00e4umen werden Sie sich wohlf\u00fchlen. Unsere Gartenterrasse und der Biergarten werden Sie, vor allem bei sch\u00f6nem Wetter, begeistern. Freuen Sie sich auf leckeres Eis sowie auf ofenfrischen Kuchen aus der eigenen K\u00fcche.<\/p>\n<h3>Minigolf<\/h3>\n<p><img loading=\"lazy\" class=\"alignnone size-medium wp-image-205\" src=\"http:\/\/dipaolas-gangelbrunnen.de\/wp-content\/uploads\/2016\/04\/3-300x225.jpg\" alt=\"3\" width=\"300\" height=\"225\" srcset=\"http:\/\/dipaolas-gangelbrunnen.de\/wp-content\/uploads\/2016\/04\/3-300x225.jpg 300w, http:\/\/dipaolas-gangelbrunnen.de\/wp-content\/uploads\/2016\/04\/3-768x576.jpg 768w, http:\/\/dipaolas-gangelbrunnen.de\/wp-content\/uploads\/2016\/04\/3.jpg 1024w\" sizes=\"(max-width: 300px) 100vw, 300px\" \/><\/p>\n<h3>Spielplatz<\/h3>\n<p><img loading=\"lazy\" class=\"alignnone size-medium wp-image-173\" src=\"http:\/\/dipaolas-gangelbrunnen.de\/wp-content\/uploads\/2016\/04\/weiher-1-300x201.jpg\" alt=\"weiher-1\" width=\"300\" height=\"201\" srcset=\"http:\/\/dipaolas-gangelbrunnen.de\/wp-content\/uploads\/2016\/04\/weiher-1-300x201.jpg 300w, http:\/\/dipaolas-gangelbrunnen.de\/wp-content\/uploads\/2016\/04\/weiher-1-768x514.jpg 768w, http:\/\/dipaolas-gangelbrunnen.de\/wp-content\/uploads\/2016\/04\/weiher-1.jpg 1024w\" sizes=\"(max-width: 300px) 100vw, 300px\" \/><\/p>\n<h3>Ommersheimer Weiher<\/h3>\n<p><img loading=\"lazy\" class=\"alignnone size-medium wp-image-270\" src=\"http:\/\/dipaolas-gangelbrunnen.de\/wp-content\/uploads\/2016\/03\/schild-300x200.jpg\" alt=\"schild\" width=\"300\" height=\"200\" srcset=\"http:\/\/dipaolas-gangelbrunnen.de\/wp-content\/uploads\/2016\/03\/schild-300x200.jpg 300w, http:\/\/dipaolas-gangelbrunnen.de\/wp-content\/uploads\/2016\/03\/schild-768x512.jpg 768w, http:\/\/dipaolas-gangelbrunnen.de\/wp-content\/uploads\/2016\/03\/schild.jpg 1024w\" sizes=\"(max-width: 300px) 100vw, 300px\" \/><\/p>\n<p><img loading=\"lazy\" class=\"alignnone size-medium wp-image-171\" src=\"http:\/\/dipaolas-gangelbrunnen.de\/wp-content\/uploads\/2016\/04\/springbrunnen_gross-300x195.jpg\" alt=\"springbrunnen_gross\" width=\"300\" height=\"195\" srcset=\"http:\/\/dipaolas-gangelbrunnen.de\/wp-content\/uploads\/2016\/04\/springbrunnen_gross-300x195.jpg 300w, http:\/\/dipaolas-gangelbrunnen.de\/wp-content\/uploads\/2016\/04\/springbrunnen_gross-768x498.jpg 768w, http:\/\/dipaolas-gangelbrunnen.de\/wp-content\/uploads\/2016\/04\/springbrunnen_gross.jpg 1000w\" sizes=\"(max-width: 300px) 100vw, 300px\" \/><\/p>\n<h3>Gangelbrunnen<\/h3>\n<p><img loading=\"lazy\" class=\"alignnone size-medium wp-image-203\" src=\"http:\/\/dipaolas-gangelbrunnen.de\/wp-content\/uploads\/2016\/04\/1-300x225.jpg\" alt=\"1\" width=\"300\" height=\"225\" srcset=\"http:\/\/dipaolas-gangelbrunnen.de\/wp-content\/uploads\/2016\/04\/1-300x225.jpg 300w, http:\/\/dipaolas-gangelbrunnen.de\/wp-content\/uploads\/2016\/04\/1-768x576.jpg 768w, http:\/\/dipaolas-gangelbrunnen.de\/wp-content\/uploads\/2016\/04\/1.jpg 1000w\" sizes=\"(max-width: 300px) 100vw, 300px\" \/><\/p>\n<h3>Wohnmobil-Stellplatz<\/h3>\n<p><img loading=\"lazy\" class=\"alignnone size-medium wp-image-269\" src=\"http:\/\/dipaolas-gangelbrunnen.de\/wp-content\/uploads\/2016\/03\/wohnmobil-300x200.jpg\" alt=\"wohnmobil\" width=\"300\" height=\"200\" srcset=\"http:\/\/dipaolas-gangelbrunnen.de\/wp-content\/uploads\/2016\/03\/wohnmobil-300x200.jpg 300w, http:\/\/dipaolas-gangelbrunnen.de\/wp-content\/uploads\/2016\/03\/wohnmobil-768x512.jpg 768w, http:\/\/dipaolas-gangelbrunnen.de\/wp-content\/uploads\/2016\/03\/wohnmobil.jpg 1024w\" sizes=\"(max-width: 300px) 100vw, 300px\" \/><\/p>","protected":false},"excerpt":{"rendered":"<p>Gartenterrasse Nicht nur in unseren gem\u00fctlichen Innenr\u00e4umen werden Sie sich wohlf\u00fchlen. Unsere Gartenterrasse und der Biergarten werden Sie, vor allem bei sch\u00f6nem Wetter, begeistern. Freuen Sie sich auf leckeres Eis sowie auf ofenfrischen Kuchen aus der eigenen K\u00fcche. Minigolf Spielplatz Ommersheimer Weiher Gangelbrunnen Wohnmobil-Stellplatz<\/p>\n","protected":false},"author":1,"featured_media":271,"parent":0,"menu_order":0,"comment_status":"closed","ping_status":"closed","template":"","meta":[],"_links":{"self":[{"href":"http:\/\/dipaolas-gangelbrunnen.de\/wordpress\/wp-json\/wp\/v2\/pages\/34"}],"collection":[{"href":"http:\/\/dipaolas-gangelbrunnen.de\/wordpress\/wp-json\/wp\/v2\/pages"}],"about":[{"href":"http:\/\/dipaolas-gangelbrunnen.de\/wordpress\/wp-json\/wp\/v2\/types\/page"}],"author":[{"embeddable":true,"href":"http:\/\/dipaolas-gangelbrunnen.de\/wordpress\/wp-json\/wp\/v2\/users\/1"}],"replies":[{"embeddable":true,"href":"http:\/\/dipaolas-gangelbrunnen.de\/wordpress\/wp-json\/wp\/v2\/comments?post=34"}],"version-history":[{"count":7,"href":"http:\/\/dipaolas-gangelbrunnen.de\/wordpress\/wp-json\/wp\/v2\/pages\/34\/revisions"}],"predecessor-version":[{"id":426,"href":"http:\/\/dipaolas-gangelbrunnen.de\/wordpress\/wp-json\/wp\/v2\/pages\/34\/revisions\/426"}],"wp:featuredmedia":[{"embeddable":true,"href":"http:\/\/dipaolas-gangelbrunnen.de\/wordpress\/wp-json\/wp\/v2\/media\/271"}],"wp:attachment":[{"href":"http:\/\/dipaolas-gangelbrunnen.de\/wordpress\/wp-json\/wp\/v2\/media?parent=34"}],"curies":[{"name":"wp","href":"https:\/\/api.w.org\/{rel}","templated":true}]}}